{"id":3,"date":"2020-12-08T08:56:23","date_gmt":"2020-12-08T08:56:23","guid":{"rendered":"https:\/\/house-keeping.it\/?page_id=3"},"modified":"2020-12-13T09:36:25","modified_gmt":"2020-12-13T09:36:25","slug":"privacy-policy","status":"publish","type":"page","link":"https:\/\/www.house-keeping.it\/?page_id=3","title":{"rendered":"Informativa ai sensi dell&#8217;art. 13 del Codice della Privacy"},"content":{"rendered":"<p><strong>Informativa ai sensi dell&#8217;art. 13 del Codice della Privacy<\/strong><br data-rich-text-line-break=\"true\">Ai sensi dell&#8217;articolo 13 del codice della D.Lgs. 196\/2003, vi rendiamo le seguenti informazioni.<\/p>\n<p>Noi di www.house-keeping.it riteniamo che la privacy dei nostri visitatori sia estremamente importante. Questo documento descrive dettagliatamente i tipi di informazioni personali raccolti e registrati dal nostro sito e come essi vengano utilizzati.<br data-rich-text-line-break=\"true\">File di Registrazione (Log Files)<br data-rich-text-line-break=\"true\">Come molti altri siti web, il nostro utilizza file di log. Questi file registrano semplicemente i visitatori del sito &#8211; di solito una procedura standard delle aziende di hosting e dei servizi di analisi degli hosting.<br data-rich-text-line-break=\"true\">Le informazioni contenute nei file di registro comprendono indirizzi di protocollo Internet (IP), il tipo di browser, Internet Service Provider (ISP), informazioni come data e ora, pagine referral, pagine d&#8217;uscita ed entrata o il numero di clic.<br data-rich-text-line-break=\"true\">Queste informazioni vengono utilizzate per analizzare le tendenze, amministrare il sito, monitorare il movimento degli utenti sul sito e raccogliere informazioni demografiche. Gli indirizzi IP e le altre informazioni non sono collegate a informazioni personali che possono essere identificate, dunque &lt;strong&gt;tutti i dati sono raccolti in forma assolutamente anonima.<br data-rich-text-line-break=\"true\"><br data-rich-text-line-break=\"true\"><strong>Questo sito web utilizza i Cookies<\/strong><br data-rich-text-line-break=\"true\">I cookies sono piccoli file di testo che vengono automaticamente posizionati sul PC del navigatore all\u2019interno del browser. Essi contengono informazioni di base sulla navigazione in Internet e grazie al browser vengono riconosciuti ogni volta che l\u2019utente visita il sito.<br data-rich-text-line-break=\"true\"><br data-rich-text-line-break=\"true\"><strong>Cookie Policy<\/strong><br data-rich-text-line-break=\"true\">Questo sito utilizza cookies, anche di terze parti, per migliorarne l\u2019esperienza di navigazione, consentire a chi naviga di usufruire di eventuali servizi online e monitorare la navigazione nel sito.<\/p>\n<p><strong>Come disabilitare i Cookies<\/strong><br data-rich-text-line-break=\"true\">E\u2019 possibile disabilitare i cookies direttamente dal browser utilizzato, accedendo alle impostazioni (preferenze oppure opzioni): questa scelta potrebbe limitare alcune funzionalit\u00e0 di navigazione del sito.<br data-rich-text-line-break=\"true\"><br data-rich-text-line-break=\"true\"><strong>Gestione dei Cookies<\/strong><br data-rich-text-line-break=\"true\">I cookies utilizzati in questo sito possono rientrare nelle categorie descritte di seguito.<br data-rich-text-line-break=\"true\"><br data-rich-text-line-break=\"true\"><strong>Attivit\u00e0 strettamente necessarie al funzionamento<\/strong><br data-rich-text-line-break=\"true\">Questi cookies hanno natura tecnica e permettono al sito di funzionare correttamente. Ad esempio, mantengono l\u2019utente collegato durante la navigazione evitando che il sito richieda di collegarsi pi\u00f9 volte per accedere alle pagine successive.<br data-rich-text-line-break=\"true\"><br data-rich-text-line-break=\"true\"><strong>Attivit\u00e0 di salvataggio delle preferenze<\/strong><br data-rich-text-line-break=\"true\">Questi cookie permettono di ricordare le preferenze selezionate dall\u2019utente durante la navigazione, ad esempio, consentono di impostare la lingua.<br data-rich-text-line-break=\"true\"><br data-rich-text-line-break=\"true\"><strong>Attivit\u00e0 Statistiche e di Misurazione dell\u2019audience (es: Google Analytics)<\/strong><br data-rich-text-line-break=\"true\">Questi cookie ci aiutano a capire, attraverso dati raccolti in forma anonima e aggregata, come gli utenti interagiscono con i siti internet fornendo informazioni relative alle sezioni visitate, il tempo trascorso sul sito, eventuali malfunzionamenti. Questo aiuta a migliorare la resa dei siti internet.<\/p>\n<p><strong>Cookie di social media (es: Facebook)<\/strong><br data-rich-text-line-break=\"true\">Questi cookie di terza parte vengono utilizzati per integrare alcune diffuse funzionalit\u00e0 dei principali social media e fornirle all\u2019interno del sito. In particolare permettono la registrazione e l\u2019autenticazione sul sito tramite facebook e google connect, la condivisione e i commenti di pagine del sito sui social, abilitano le funzionalit\u00e0 del \u201cmi piace\u201d su Facebook e del \u201c+1\u2033 su G+.<br data-rich-text-line-break=\"true\"><br data-rich-text-line-break=\"true\"><strong>Fornitori di terze parti<\/strong><br data-rich-text-line-break=\"true\">I fornitori di terze parti, tra cui Google, utilizzano cookie per pubblicare annunci in base alle precedenti visite di un utente su questo sito.<br data-rich-text-line-break=\"true\">L&#8217;utilizzo dei cookie per la pubblicit\u00e0 consente a Google e ai suoi partner di pubblicare annunci per gli utenti di questo sito (e su altri siti) in base ai dati statistici raccolti su questo sito e sui siti web dei partner Google.<br data-rich-text-line-break=\"true\">Gli utenti possono scegliere di disattivare la pubblicit\u00e0 personalizzata, visitando la pagina https:\/\/www.google.com\/settings\/ads Impostazioni annunci.<br data-rich-text-line-break=\"true\">Visitando la pagina www.aboutads.info potrai disattivare i cookies dei fornitori di terze parti.<br data-rich-text-line-break=\"true\"><br data-rich-text-line-break=\"true\"><strong>I nostri partner pubblicitari<\/strong><br data-rich-text-line-break=\"true\">Alcuni dei nostri partner pubblicitari possono utilizzare i cookies sul nostro sito per raccogliere dati sulla navigazione degli utenti in forma anonima. Tra i nostri partner pubblicitari figurano:<br data-rich-text-line-break=\"true\">&#8211; Amazon<br data-rich-text-line-break=\"true\">&#8211; Ebay<br data-rich-text-line-break=\"true\">&#8211; altri_partner<\/p>\n<p>Gli annunci dei fornitori terze parti gestiscono reti pubblicitarie che utilizzano la tecnologia dei cookies nei rispettivi annunci e nei link che appaiono sul nostro sito. Gli annunci vengono cos\u00ec inviati direttamente al tuo browser. Riceveranno automaticamente il tuo indirizzo IP. Altre tecnologie (come i cookie o JavaScript) possono anche essere utilizzati dalle reti pubblicitarie di terze parti del nostro sito per misurare l&#8217;efficacia delle loro campagne pubblicitarie e\/o personalizzare i contenuti pubblicitari che vedete sul sito.<\/p>\n<p>Il nostro sito non ha accesso o non controlla questi cookie utilizzati da inserzionisti di terze parti.<\/p>\n<p><strong>Norme sulla privacy di terze parti<\/strong><br data-rich-text-line-break=\"true\">\u00c8 necessario consultare le rispettive norme sulla privacy di questi server di terze parti per ulteriori informazioni sulle loro pratiche e per istruzioni su come disattivare alcune pratiche<br data-rich-text-line-break=\"true\">La nostra politica sulla privacy non si applica ai fornitori di terze parti ed ai partner pubblicitari, e non possiamo controllare le attivit\u00e0 di tali altri inserzionisti o siti web.<br data-rich-text-line-break=\"true\">Se desideri disattivare i cookie, puoi farlo attraverso le tue singole opzioni del browser. Ulteriori informazioni sulla gestione dei cookie con browser web specifico possono essere trovati nei rispettivi siti web dei browser<br data-rich-text-line-break=\"true\"><br data-rich-text-line-break=\"true\"><strong>Finalit\u00e0 del trattamento<\/strong><br data-rich-text-line-break=\"true\">I dati possono essere raccolti per una o pi\u00f9 delle seguenti finalit\u00e0:<br data-rich-text-line-break=\"true\"><br data-rich-text-line-break=\"true\">&#8211; fornire l&#8217;accesso ad aree riservate del Portale e di Portali\/siti collegati con il presente e all&#8217;invio di comunicazioni anche di carattere commerciale, notizie, aggiornamenti sulle iniziative di questo sito e delle societ\u00e0 da essa controllate e\/o collegate e\/o Sponsor.<br data-rich-text-line-break=\"true\">&#8211; eventuale cessione a terzi dei suddetti dati, sempre finalizzata alla realizzazione di campagne di email marketing ed all&#8217;invio di comunicazioni di carattere commerciale. <br data-rich-text-line-break=\"true\">&#8211; eseguire gli obblighi previsti da leggi o regolamenti;<br data-rich-text-line-break=\"true\">&#8211; gestione contatti;<br data-rich-text-line-break=\"true\"><br data-rich-text-line-break=\"true\"><strong>Modalit\u00e0 del trattamento<\/strong><br data-rich-text-line-break=\"true\">I dati verranno trattati con le seguenti modalit\u00e0:<br data-rich-text-line-break=\"true\"><br data-rich-text-line-break=\"true\">&#8211; raccolta dati con modalit\u00e0 single-opt, in apposito database;<br data-rich-text-line-break=\"true\">&#8211; registrazione ed elaborazione su supporto cartaceo e\/o magnetico;<br data-rich-text-line-break=\"true\">&#8211; organizzazione degli archivi in forma prevalentemente automatizzata, ai sensi del Disciplinare Tecnico in materia di misure minime di sicurezza, Allegato B del Codice della Privacy.<br data-rich-text-line-break=\"true\"><br data-rich-text-line-break=\"true\"><strong>Natura obbligatoria<\/strong><br data-rich-text-line-break=\"true\">Tutti i dati richiesti sono obbligatori.<br data-rich-text-line-break=\"true\"><br data-rich-text-line-break=\"true\"><strong>Soggetti a cui dati potranno essere comunicati i dati personali<\/strong><br data-rich-text-line-break=\"true\">I dati raccolti potranno essere comunicati a:<br data-rich-text-line-break=\"true\"><br data-rich-text-line-break=\"true\">&#8211; societ\u00e0 e imprese per usi di direct mailing o attivit\u00e0 analoghe;<br data-rich-text-line-break=\"true\">&#8211; associazioni e fondazioni intenzionate ad acquistare spazi pubblicitari sulle liste o sul sito e\/o collegate alla fornitura di un particolare servizio.<br data-rich-text-line-break=\"true\">&#8211; soggetti che debbano avere accesso ai dati, come da norme di legge o di normative secondarie e\/o comunitarie.<br data-rich-text-line-break=\"true\"><br data-rich-text-line-break=\"true\"><strong>Diritti dell&#8217;interessato<\/strong><br data-rich-text-line-break=\"true\">Ai sensi ai sensi dell&#8217;art. 7 (Diritto di accesso ai dati personali ed altri diritti) del Codice della Privacy, vi segnaliamo che i vostri diritti in ordine al trattamento dei dati sono:<br data-rich-text-line-break=\"true\"><br data-rich-text-line-break=\"true\">&#8211; conoscere, mediante accesso gratuito l&#8217;esistenza di trattamenti di dati che possano riguardarvi;<br data-rich-text-line-break=\"true\">&#8211; essere informati sulla natura e sulle finalit\u00e0 del trattamento ottenere a cura del titolare, senza ritardo:<br data-rich-text-line-break=\"true\"><br data-rich-text-line-break=\"true\">&#8211; la conferma dell&#8217;esistenza o meno di dati personali che vi riguardano, anche se non ancora registrati, e la comunicazione in forma intellegibile dei medesimi dati e della loro origine, nonch\u00e9 della logica e delle finalit\u00e0 su cui si basa il trattamento; la richiesta pu\u00f2 essere rinnovata, salva l&#8217;esistenza di giustificati motivi, con intervallo non minore di novanta giorni;<br data-rich-text-line-break=\"true\">&#8211; la cancellazione, la trasformazione in forma anonima o il blocco dei dati trattati in violazione di legge, compresi quelli di cui non \u00e8 necessaria la conservazione in relazione agli scopi per i quali i dati sono stati raccolti o successivamente trattati;<br data-rich-text-line-break=\"true\">&#8211; l&#8217;aggiornamento, la rettifica ovvero, qualora vi abbia interesse, l&#8217;integrazione dei dati esistenti;<br data-rich-text-line-break=\"true\">&#8211; opporvi in tutto o in parte per motivi legittimi al trattamento dei dati personali che vi riguardano ancorch\u00e9 pertinenti allo scopo della raccolta;<br data-rich-text-line-break=\"true\"><br data-rich-text-line-break=\"true\"><strong>Vi segnaliamo che il titolare del trattamento ad ogni effetto di legge \u00e8:<\/strong><br data-rich-text-line-break=\"true\"><br data-rich-text-line-break=\"true\">TREDICINOVECENTO SRL<br data-rich-text-line-break=\"true\">P. IVA 02546510021<br data-rich-text-line-break=\"true\">Via Alessandro Roccavilla 6<br data-rich-text-line-break=\"true\">13900 Biella<br data-rich-text-line-break=\"true\">Tel\/Fax:+393382990871<br data-rich-text-line-break=\"true\">E-mail: info@house-keeping.it<br data-rich-text-line-break=\"true\"><br data-rich-text-line-break=\"true\">Per esercitare i diritti previsti all&#8217;art. 7 del Codice della Privacy ovvero per la cancellazione dei vostri dati dall&#8217;archivio, \u00e8 sufficiente contattarci attraverso uno dei canali messi a disposizione.<br data-rich-text-line-break=\"true\">Tutti i dati sono protetti attraverso l&#8217;uso di antivirus, firewall e protezione attraverso password.<br data-rich-text-line-break=\"true\"><br data-rich-text-line-break=\"true\"><strong>Informazioni per i bambini<\/strong><br data-rich-text-line-break=\"true\">Riteniamo importante assicurare una protezione aggiunta ai bambini online. Noi incoraggiamo i genitori e i tutori a trascorrere del tempo online con i loro figli per osservare, partecipare e\/o monitorare e guidare la loro attivit\u00e0 online. Noi non raccogliamo dati personali di minori. Se un genitore o un tutore crede che il nostro sito abbia nel suo database le informazioni personali di un bambino, vi preghiamo di contattarci immediatamente (utilizzando la mail fornita) e faremo di tutto per rimuovere tali informazioni il pi\u00f9 presto possibile.<br data-rich-text-line-break=\"true\">Questa politica sulla privacy si applica solo alle nostre attivit\u00e0 online ed \u00e8 valida per i visitatori del nostro sito web e per quanto riguarda le informazioni condivise e\/o raccolte. Questa politica non si applica a qualsiasi informazione raccolta in modalit\u00e0 offline o tramite canali diversi da questo sito web.<br data-rich-text-line-break=\"true\"><br data-rich-text-line-break=\"true\"><strong>Consenso<\/strong><br data-rich-text-line-break=\"true\">Usando il nostro sito web, acconsenti alla nostra politica sulla privacy e accetti i suoi termini. Se desideri ulteriori informazioni o hai domande sulla nostra politica sulla privacy non esitare a contattarci.<\/p>\n","protected":false},"excerpt":{"rendered":"<p>Informativa ai sensi dell&#8217;art. 13 del Codice della PrivacyAi sensi dell&#8217;articolo 13 del codice della D.Lgs. 196\/2003, vi rendiamo le seguenti informazioni. Noi di www.house-keeping.it riteniamo che la privacy dei nostri visitatori sia estremamente importante. Questo documento descrive dettagliatamente i tipi di informazioni personali raccolti e registrati dal nostro sito e come essi vengano utilizzati.File &hellip; <\/p>\n<p class=\"link-more\"><a href=\"https:\/\/www.house-keeping.it\/?page_id=3\" class=\"more-link\">Leggi tutto<span class=\"screen-reader-text\"> &#8220;Informativa ai sensi dell&#8217;art. 13 del Codice della Privacy&#8221;<\/span><\/a><\/p>\n","protected":false},"author":1,"featured_media":0,"parent":0,"menu_order":0,"comment_status":"closed","ping_status":"open","template":"","meta":{"footnotes":""},"class_list":["post-3","page","type-page","status-publish","hentry"],"_links":{"self":[{"href":"https:\/\/www.house-keeping.it\/index.php?rest_route=\/wp\/v2\/pages\/3","targetHints":{"allow":["GET"]}}],"collection":[{"href":"https:\/\/www.house-keeping.it\/index.php?rest_route=\/wp\/v2\/pages"}],"about":[{"href":"https:\/\/www.house-keeping.it\/index.php?rest_route=\/wp\/v2\/types\/page"}],"author":[{"embeddable":true,"href":"https:\/\/www.house-keeping.it\/index.php?rest_route=\/wp\/v2\/users\/1"}],"replies":[{"embeddable":true,"href":"https:\/\/www.house-keeping.it\/index.php?rest_route=%2Fwp%2Fv2%2Fcomments&post=3"}],"version-history":[{"count":3,"href":"https:\/\/www.house-keeping.it\/index.php?rest_route=\/wp\/v2\/pages\/3\/revisions"}],"predecessor-version":[{"id":169,"href":"https:\/\/www.house-keeping.it\/index.php?rest_route=\/wp\/v2\/pages\/3\/revisions\/169"}],"wp:attachment":[{"href":"https:\/\/www.house-keeping.it\/index.php?rest_route=%2Fwp%2Fv2%2Fmedia&parent=3"}],"curies":[{"name":"wp","href":"https:\/\/api.w.org\/{rel}","templated":true}]}}